{"id":49,"date":"2017-10-29T15:38:46","date_gmt":"2017-10-29T17:38:46","guid":{"rendered":"http:\/\/suba.com.br\/site2017\/?page_id=49"},"modified":"2017-11-01T09:35:42","modified_gmt":"2017-11-01T11:35:42","slug":"facebook","status":"publish","type":"page","link":"http:\/\/suba.com.br\/site2017\/facebook\/","title":{"rendered":"FACEBOOK"},"content":{"rendered":"<p>[et_pb_section fb_built=&#8221;1&#8243; _builder_version=&#8221;3.0.83&#8243; background_image=&#8221;http:\/\/suba.com.br\/site2017\/wp-content\/uploads\/2017\/10\/fundo-banner-serv.jpg&#8221; custom_padding=&#8221;54px|0px|0px|0px&#8221;][et_pb_row _builder_version=&#8221;3.0.47&#8243; background_size=&#8221;initial&#8221; background_position=&#8221;top_left&#8221; background_repeat=&#8221;repeat&#8221; _i=&#8221;0&#8243; _address=&#8221;0.0&#8243; custom_padding=&#8221;27px|0px|0px|0px&#8221;][et_pb_column type=&#8221;2_3&#8243; _builder_version=&#8221;3.0.47&#8243; parallax=&#8221;off&#8221; parallax_method=&#8221;on&#8221;][et_pb_image src=&#8221;http:\/\/suba.com.br\/site2017\/wp-content\/uploads\/2017\/10\/banner-servicos-texto.png&#8221; _builder_version=&#8221;3.0.83&#8243;][\/et_pb_image][et_pb_text _builder_version=&#8221;3.0.83&#8243; text_font=&#8221;|||on|||||&#8221; text_font_size=&#8221;25px&#8221; text_text_color=&#8221;#ffffff&#8221; header_font=&#8221;|||on|||||&#8221; header_text_align=&#8221;left&#8221; header_font_size=&#8221;40px&#8221; header_text_color=&#8221;#ffffff&#8221; custom_margin=&#8221;10%||10%|&#8221; custom_css_main_element=&#8221;text-shadow: 2px 2px 7px rgba(0, 0, 0, 0.9);&#8221;]<\/p>\n<h1>Esteja presente na maior rede social do mundo.<\/h1>\n<h1>Facebook.<\/h1>\n<p>Voc\u00ea a um passo de conquistar novos f\u00e3s e ampliar seu neg\u00f3cio!<\/p>\n<p>[\/et_pb_text][\/et_pb_column][et_pb_column type=&#8221;1_3&#8243; _builder_version=&#8221;3.0.47&#8243; parallax=&#8221;off&#8221; parallax_method=&#8221;on&#8221;][et_pb_image src=&#8221;http:\/\/suba.com.br\/site2017\/wp-content\/uploads\/2017\/10\/banner-serv.png&#8221; _builder_version=&#8221;3.0.83&#8243;][\/et_pb_image][\/et_pb_column][\/et_pb_row][\/et_pb_section][et_pb_section fb_built=&#8221;1&#8243; _builder_version=&#8221;3.0.47&#8243;][et_pb_row _builder_version=&#8221;3.0.47&#8243; background_size=&#8221;initial&#8221; background_position=&#8221;top_left&#8221; background_repeat=&#8221;repeat&#8221; _i=&#8221;0&#8243; _address=&#8221;1.0&#8243;][et_pb_column type=&#8221;4_4&#8243; _builder_version=&#8221;3.0.47&#8243; parallax=&#8221;off&#8221; parallax_method=&#8221;on&#8221;][et_pb_text _builder_version=&#8221;3.0.83&#8243; text_font_size=&#8221;25&#8243; text_text_color=&#8221;#1e1e1e&#8221; header_font_size=&#8221;60&#8243; header_text_color=&#8221;#1e1e1e&#8221;]<\/p>\n<h1>Sua Empresa no Facebook.<\/h1>\n<p>Mais do que apenas Curtir! Tenha mais presen\u00e7a, mais exposi\u00e7\u00e3o,<br \/>\nmais confian\u00e7a, mais clientes, mais vendas, mais relacionamentos,<br \/>\nmais resultados&#8230; Muito al\u00e9m de uma simples curtida!<\/p>\n<p>[\/et_pb_text][\/et_pb_column][\/et_pb_row][et_pb_row custom_padding=&#8221;53px|0px|27px|0px&#8221; _builder_version=&#8221;3.0.47&#8243; background_size=&#8221;initial&#8221; background_position=&#8221;top_left&#8221; background_repeat=&#8221;repeat&#8221; _i=&#8221;1&#8243; _address=&#8221;1.1&#8243;][et_pb_column type=&#8221;1_4&#8243; _builder_version=&#8221;3.0.47&#8243; parallax=&#8221;off&#8221; parallax_method=&#8221;on&#8221;][et_pb_image src=&#8221;http:\/\/suba.com.br\/site2017\/wp-content\/uploads\/2017\/10\/icones_site_dfb-1.png&#8221; align=&#8221;center&#8221; _builder_version=&#8221;3.0.83&#8243;][\/et_pb_image][\/et_pb_column][et_pb_column type=&#8221;3_4&#8243; _builder_version=&#8221;3.0.47&#8243; parallax=&#8221;off&#8221; parallax_method=&#8221;on&#8221;][et_pb_text _builder_version=&#8221;3.0.83&#8243; text_font_size=&#8221;25px&#8221; text_text_color=&#8221;#2b2b2b&#8221; text_line_height=&#8221;30px&#8221; header_text_color=&#8221;#527dbc&#8221; header_2_font_size=&#8221;30px&#8221; header_2_text_color=&#8221;#282828&#8243; custom_margin=&#8221;7%|||&#8221;]<\/p>\n<h2><strong><span style=\"color: #527dbc;\">Desenvolvimento de Fan Page<\/span><\/strong><\/h2>\n<p>Ter uma fan page profissional seguindo os modelos das maiores marcas do mundo \u00e9 o primeiro passo para transmitir a confian\u00e7a e a seriedade que sua empresa precisa para conquistar cada vez mais f\u00e3s para sua marca.<\/p>\n<p>[\/et_pb_text][\/et_pb_column][\/et_pb_row][et_pb_row custom_padding=&#8221;53px|0px|27px|0px&#8221; _builder_version=&#8221;3.0.47&#8243; background_size=&#8221;initial&#8221; background_position=&#8221;top_left&#8221; background_repeat=&#8221;repeat&#8221; _i=&#8221;2&#8243; _address=&#8221;1.2&#8243;][et_pb_column type=&#8221;3_4&#8243; _builder_version=&#8221;3.0.47&#8243; parallax=&#8221;off&#8221; parallax_method=&#8221;on&#8221;][et_pb_text _builder_version=&#8221;3.0.83&#8243; text_font_size=&#8221;25px&#8221; text_text_color=&#8221;#2b2b2b&#8221; text_line_height=&#8221;30px&#8221; header_text_color=&#8221;#527dbc&#8221; header_2_font_size=&#8221;30px&#8221; header_2_text_color=&#8221;#282828&#8243; custom_margin=&#8221;7%|||&#8221;]<\/p>\n<h2 style=\"text-align: right;\"><span style=\"color: #527dbc;\"><strong>Anunciar no Facebook<\/strong><\/span><\/h2>\n<p style=\"text-align: right;\">Atinja seu p\u00fablico alvo no ambiente onde eles se conectam e compartilham conte\u00fados diariamente ampliando o alcance da sua comunica\u00e7\u00e3o, encontrando novos clientes e impulsionando suas vendas.<\/p>\n<p>[\/et_pb_text][\/et_pb_column][et_pb_column type=&#8221;1_4&#8243; _builder_version=&#8221;3.0.47&#8243; parallax=&#8221;off&#8221; parallax_method=&#8221;on&#8221;][et_pb_image src=&#8221;http:\/\/suba.com.br\/site2017\/wp-content\/uploads\/2017\/10\/icones_site_afb-1.png&#8221; align=&#8221;center&#8221; _builder_version=&#8221;3.0.83&#8243;][\/et_pb_image][\/et_pb_column][\/et_pb_row][et_pb_row custom_padding=&#8221;53px|0px|27px|0px&#8221; _builder_version=&#8221;3.0.47&#8243; background_size=&#8221;initial&#8221; background_position=&#8221;top_left&#8221; background_repeat=&#8221;repeat&#8221; _i=&#8221;3&#8243; _address=&#8221;1.3&#8243;][et_pb_column type=&#8221;1_4&#8243; _builder_version=&#8221;3.0.47&#8243; parallax=&#8221;off&#8221; parallax_method=&#8221;on&#8221;][et_pb_image src=&#8221;http:\/\/suba.com.br\/site2017\/wp-content\/uploads\/2017\/10\/icones_site_pcgc-1.png&#8221; align=&#8221;center&#8221; _builder_version=&#8221;3.0.83&#8243;][\/et_pb_image][\/et_pb_column][et_pb_column type=&#8221;3_4&#8243; _builder_version=&#8221;3.0.47&#8243; parallax=&#8221;off&#8221; parallax_method=&#8221;on&#8221;][et_pb_text _builder_version=&#8221;3.0.83&#8243; text_font_size=&#8221;25px&#8221; text_text_color=&#8221;#2b2b2b&#8221; text_line_height=&#8221;30px&#8221; header_text_color=&#8221;#527dbc&#8221; header_2_font_size=&#8221;30px&#8221; header_2_text_color=&#8221;#282828&#8243; custom_margin=&#8221;7%|||&#8221;]<\/p>\n<h2><span style=\"color: #527dbc;\"><strong>Planejamento, Cria\u00e7\u00e3o e Gest\u00e3o do Conte\u00fado<\/strong><\/span><\/h2>\n<p>O conte\u00fado \u00e9 o que mant\u00e9m a sua empresa viva na internet, nossos especialistas ir\u00e3o estudar o seu mercado e planejar as melhores a\u00e7\u00f5es e conte\u00fados para motivar o compartilhamento e a intera\u00e7\u00e3o com a sua marca criando uma rela\u00e7\u00e3o de amizade e aproximando os clientes da empresa.<\/p>\n<p>[\/et_pb_text][\/et_pb_column][\/et_pb_row][et_pb_row custom_padding=&#8221;53px|0px|75px|0px&#8221; _builder_version=&#8221;3.0.47&#8243; background_size=&#8221;initial&#8221; background_position=&#8221;top_left&#8221; background_repeat=&#8221;repeat&#8221; _i=&#8221;4&#8243; _address=&#8221;1.4&#8243;][et_pb_column type=&#8221;4_4&#8243; _builder_version=&#8221;3.0.47&#8243; parallax=&#8221;off&#8221; parallax_method=&#8221;on&#8221;][et_pb_text _builder_version=&#8221;3.0.83&#8243; text_font_size=&#8221;25px&#8221; text_text_color=&#8221;#2b2b2b&#8221; text_line_height=&#8221;30px&#8221; header_text_color=&#8221;#527dbc&#8221; header_2_font_size=&#8221;30px&#8221; header_2_text_color=&#8221;#282828&#8243; custom_margin=&#8221;7%|||&#8221;]<\/p>\n<h2><span style=\"color: #527dbc;\">Usamos o poder da segmenta\u00e7\u00e3o do publico alvo a seu favor para buscar pessoas que se interessam pelo seu neg\u00f3cio de acordo com os interesses, localiza\u00e7\u00e3o, sexo, idade e muito mais\u2026<\/span><\/h2>\n<p>[\/et_pb_text][\/et_pb_column][\/et_pb_row][et_pb_row _builder_version=&#8221;3.0.47&#8243; background_size=&#8221;initial&#8221; background_position=&#8221;top_left&#8221; background_repeat=&#8221;repeat&#8221; _i=&#8221;5&#8243; _address=&#8221;1.5&#8243;][et_pb_column type=&#8221;4_4&#8243; _builder_version=&#8221;3.0.47&#8243; parallax=&#8221;off&#8221; parallax_method=&#8221;on&#8221;][et_pb_text _builder_version=&#8221;3.0.83&#8243; text_font_size=&#8221;25&#8243; text_text_color=&#8221;#000000&#8243; text_line_height=&#8221;28px&#8221; header_text_color=&#8221;#000000&#8243;]<\/p>\n<h1>Deixe tudo por nossa conta.<\/h1>\n<div class=\"textoNormal\">\n<p>Nossa equipe de especialistas planejar\u00e3o todas as a\u00e7\u00f5es a serem tomadas\u00a0desde a cria\u00e7\u00e3o da fan page, planejamento e cria\u00e7\u00e3o dos conte\u00fados at\u00e9 a elabora\u00e7\u00e3o\u00a0das campanhas e a segmenta\u00e7\u00e3o do publico alvo a ser atingido, para que voc\u00ea s\u00f3 se\u00a0preocupe em fechar cada vez mais novos neg\u00f3cios!<\/p>\n<\/div>\n<p><strong><a class=\"textoNormal\" href=\"http:\/\/suba.com.br\/facebook\/#\">Comece agora mesmo a conquistar mais f\u00e3s e alavancar suas vendas!<\/a><\/strong><\/p>\n<p>[\/et_pb_text][\/et_pb_column][\/et_pb_row][\/et_pb_section][et_pb_section fb_built=&#8221;1&#8243; _builder_version=&#8221;3.0.83&#8243; background_image=&#8221;http:\/\/suba.com.br\/site2017\/wp-content\/uploads\/2017\/10\/fundo-footer.jpg&#8221;][et_pb_row _builder_version=&#8221;3.0.47&#8243; background_size=&#8221;initial&#8221; background_position=&#8221;top_left&#8221; background_repeat=&#8221;repeat&#8221; _i=&#8221;0&#8243; _address=&#8221;2.0&#8243;][et_pb_column type=&#8221;1_2&#8243; _builder_version=&#8221;3.0.47&#8243; parallax=&#8221;off&#8221; parallax_method=&#8221;on&#8221;][et_pb_text _builder_version=&#8221;3.0.83&#8243; text_font=&#8221;|600|||||||&#8221; text_font_size=&#8221;20px&#8221; text_text_color=&#8221;#ffffff&#8221; header_2_font=&#8221;|700|||||||&#8221; header_2_font_size=&#8221;62px&#8221; header_2_text_color=&#8221;#ffffff&#8221; custom_margin=&#8221;20%|||&#8221; custom_css_main_element=&#8221;text-shadow: 2px 2px 7px rgba(0, 0, 0, 0.9);&#8221;]<\/p>\n<h2>CONTATO<\/h2>\n<p>Tel.: 21 985 998 626<br \/>\ncontato@suba.com.br<\/p>\n<p>[\/et_pb_text][\/et_pb_column][et_pb_column type=&#8221;1_2&#8243; _builder_version=&#8221;3.0.47&#8243; parallax=&#8221;off&#8221; parallax_method=&#8221;on&#8221;][et_pb_contact_form captcha=&#8221;off&#8221; email=&#8221;CONTATO@SUBA.COM.BR&#8221; submit_button_text=&#8221;ENVIAR&#8221; form_background_color=&#8221;#ffffff&#8221; input_border_radius=&#8221;5&#8243; module_id=&#8221;et_pb_contact_form_0&#8243; _builder_version=&#8221;3.0.83&#8243; form_field_font=&#8221;|||on|||||&#8221; use_border_color=&#8221;on&#8221; border_color=&#8221;#6d6d6d&#8221; custom_button=&#8221;on&#8221; button_text_size=&#8221;15&#8243; button_text_color=&#8221;#6b6b6b&#8221; button_bg_color=&#8221;#ffffff&#8221; button_border_width=&#8221;1&#8243; button_border_color=&#8221;#7a7a7a&#8221;][et_pb_contact_field field_id=&#8221;Name&#8221; field_title=&#8221;Nome&#8221; fullwidth_field=&#8221;on&#8221; _builder_version=&#8221;3.0.83&#8243; form_field_font=&#8221;||||||||&#8221; use_border_color=&#8221;off&#8221;][\/et_pb_contact_field][et_pb_contact_field field_id=&#8221;Email&#8221; field_title=&#8221;E-mail&#8221; field_type=&#8221;email&#8221; fullwidth_field=&#8221;on&#8221; _builder_version=&#8221;3.0.83&#8243; form_field_font=&#8221;||||||||&#8221; use_border_color=&#8221;off&#8221;][\/et_pb_contact_field][et_pb_contact_field field_id=&#8221;phone&#8221; field_title=&#8221;TELEFONE&#8221; fullwidth_field=&#8221;on&#8221; _builder_version=&#8221;3.0.83&#8243; form_field_font=&#8221;||||||||&#8221; use_border_color=&#8221;off&#8221;][\/et_pb_contact_field][et_pb_contact_field field_id=&#8221;Message&#8221; field_title=&#8221;Mensagem&#8221; field_type=&#8221;text&#8221; fullwidth_field=&#8221;on&#8221; _builder_version=&#8221;3.0.83&#8243;][\/et_pb_contact_field][\/et_pb_contact_form][\/et_pb_column][\/et_pb_row][\/et_pb_section]<\/p>\n","protected":false},"excerpt":{"rendered":"<p>[et_pb_section fb_built=&#8221;1&#8243; _builder_version=&#8221;3.0.83&#8243; background_image=&#8221;http:\/\/suba.com.br\/site2017\/wp-content\/uploads\/2017\/10\/fundo-banner-serv.jpg&#8221; custom_padding=&#8221;54px|0px|0px|0px&#8221;][et_pb_row _builder_version=&#8221;3.0.47&#8243; background_size=&#8221;initial&#8221; background_position=&#8221;top_left&#8221; background_repeat=&#8221;repeat&#8221; _i=&#8221;0&#8243; _address=&#8221;0.0&#8243; custom_padding=&#8221;27px|0px|0px|0px&#8221;][et_pb_column type=&#8221;2_3&#8243; _builder_version=&#8221;3.0.47&#8243; parallax=&#8221;off&#8221; parallax_method=&#8221;on&#8221;][et_pb_image src=&#8221;http:\/\/suba.com.br\/site2017\/wp-content\/uploads\/2017\/10\/banner-servicos-texto.png&#8221; _builder_version=&#8221;3.0.83&#8243;][\/et_pb_image][et_pb_text _builder_version=&#8221;3.0.83&#8243; text_font=&#8221;|||on|||||&#8221; text_font_size=&#8221;25px&#8221; text_text_color=&#8221;#ffffff&#8221; header_font=&#8221;|||on|||||&#8221; header_text_align=&#8221;left&#8221; header_font_size=&#8221;40px&#8221; header_text_color=&#8221;#ffffff&#8221; custom_margin=&#8221;10%||10%|&#8221; custom_css_main_element=&#8221;text-shadow: 2px 2px 7px rgba(0, 0, 0, 0.9);&#8221;] Esteja presente na maior rede social do mundo. Facebook. Voc\u00ea a um passo de conquistar novos f\u00e3s e ampliar seu [&hellip;]<\/p>\n","protected":false},"author":1,"featured_media":0,"parent":0,"menu_order":4,"comment_status":"closed","ping_status":"closed","template":"","meta":{"footnotes":""},"class_list":["post-49","page","type-page","status-publish","hentry"],"_links":{"self":[{"href":"http:\/\/suba.com.br\/site2017\/wp-json\/wp\/v2\/pages\/49","targetHints":{"allow":["GET"]}}],"collection":[{"href":"http:\/\/suba.com.br\/site2017\/wp-json\/wp\/v2\/pages"}],"about":[{"href":"http:\/\/suba.com.br\/site2017\/wp-json\/wp\/v2\/types\/page"}],"author":[{"embeddable":true,"href":"http:\/\/suba.com.br\/site2017\/wp-json\/wp\/v2\/users\/1"}],"replies":[{"embeddable":true,"href":"http:\/\/suba.com.br\/site2017\/wp-json\/wp\/v2\/comments?post=49"}],"version-history":[{"count":10,"href":"http:\/\/suba.com.br\/site2017\/wp-json\/wp\/v2\/pages\/49\/revisions"}],"predecessor-version":[{"id":256,"href":"http:\/\/suba.com.br\/site2017\/wp-json\/wp\/v2\/pages\/49\/revisions\/256"}],"wp:attachment":[{"href":"http:\/\/suba.com.br\/site2017\/wp-json\/wp\/v2\/media?parent=49"}],"curies":[{"name":"wp","href":"https:\/\/api.w.org\/{rel}","templated":true}]}}