{"id":46,"date":"2017-10-29T15:38:10","date_gmt":"2017-10-29T17:38:10","guid":{"rendered":"http:\/\/suba.com.br\/site2017\/?page_id=46"},"modified":"2017-11-01T09:29:36","modified_gmt":"2017-11-01T11:29:36","slug":"desenvolvimento","status":"publish","type":"page","link":"http:\/\/suba.com.br\/site2017\/desenvolvimento\/","title":{"rendered":"DESENVOLVIMENTO"},"content":{"rendered":"<p>[et_pb_section bb_built=&#8221;1&#8243; _builder_version=&#8221;3.0.83&#8243; background_image=&#8221;http:\/\/suba.com.br\/site2017\/wp-content\/uploads\/2017\/10\/fundo-desenvolvimento.jpg&#8221;][et_pb_row _builder_version=&#8221;3.0.47&#8243; background_size=&#8221;initial&#8221; background_position=&#8221;top_left&#8221; background_repeat=&#8221;repeat&#8221; _i=&#8221;0&#8243; _address=&#8221;0.0&#8243;][et_pb_column type=&#8221;4_4&#8243;][et_pb_text _builder_version=&#8221;3.0.83&#8243; text_font=&#8221;|||on|||||&#8221; text_font_size=&#8221;25px&#8221; text_text_color=&#8221;#ffffff&#8221; header_font=&#8221;|||on|||||&#8221; header_text_align=&#8221;left&#8221; header_font_size=&#8221;40px&#8221; header_text_color=&#8221;#ffffff&#8221; custom_margin=&#8221;10%||10%|&#8221; custom_css_main_element=&#8221;text-shadow: 2px 2px 7px rgba(0, 0, 0, 0.9);&#8221;]<\/p>\n<h1>Cria\u00e7\u00e3o de Sites<\/h1>\n<p>Sua empresa on-line!<\/p>\n<p>[\/et_pb_text][\/et_pb_column][\/et_pb_row][\/et_pb_section][et_pb_section bb_built=&#8221;1&#8243; _builder_version=&#8221;3.0.47&#8243;][et_pb_row _builder_version=&#8221;3.0.47&#8243; background_size=&#8221;initial&#8221; background_position=&#8221;top_left&#8221; background_repeat=&#8221;repeat&#8221; _i=&#8221;0&#8243; _address=&#8221;1.0&#8243;][et_pb_column type=&#8221;4_4&#8243;][et_pb_text _builder_version=&#8221;3.0.83&#8243; text_font_size=&#8221;60px&#8221; text_text_color=&#8221;#1e1e1e&#8221;]<\/p>\n<p>Sites Modernos, Din\u00e2micos e Criativos.<\/p>\n<p>[\/et_pb_text][\/et_pb_column][\/et_pb_row][et_pb_row _builder_version=&#8221;3.0.47&#8243; background_size=&#8221;initial&#8221; background_position=&#8221;top_left&#8221; background_repeat=&#8221;repeat&#8221; _i=&#8221;1&#8243; _address=&#8221;1.1&#8243; custom_padding=&#8221;53px|0px|27px|0px&#8221;][et_pb_column type=&#8221;1_4&#8243;][et_pb_image src=&#8221;http:\/\/suba.com.br\/site2017\/wp-content\/uploads\/2017\/10\/icones_site_pfe.png&#8221; align=&#8221;center&#8221; _builder_version=&#8221;3.0.83&#8243; show_in_lightbox=&#8221;off&#8221; url_new_window=&#8221;off&#8221; use_overlay=&#8221;off&#8221; always_center_on_mobile=&#8221;on&#8221; force_fullwidth=&#8221;off&#8221; show_bottom_space=&#8221;on&#8221; \/][\/et_pb_column][et_pb_column type=&#8221;3_4&#8243;][et_pb_text _builder_version=&#8221;3.0.83&#8243; text_font_size=&#8221;25px&#8221; text_text_color=&#8221;#2b2b2b&#8221; text_line_height=&#8221;30px&#8221; header_2_font_size=&#8221;30px&#8221; header_2_text_color=&#8221;#282828&#8243; custom_margin=&#8221;7%|||&#8221;]<\/p>\n<h2>Plataformas de F\u00e1cil Edi\u00e7\u00e3o<\/h2>\n<p>Edite todo o conte\u00fado do seu\u00a0site a qualquer momento.<\/p>\n<p>[\/et_pb_text][\/et_pb_column][\/et_pb_row][et_pb_row _builder_version=&#8221;3.0.47&#8243; background_size=&#8221;initial&#8221; background_position=&#8221;top_left&#8221; background_repeat=&#8221;repeat&#8221; _i=&#8221;2&#8243; _address=&#8221;1.2&#8243; custom_padding=&#8221;53px|0px|27px|0px&#8221;][et_pb_column type=&#8221;3_4&#8243;][et_pb_text _builder_version=&#8221;3.0.83&#8243; text_font_size=&#8221;25px&#8221; text_text_color=&#8221;#2b2b2b&#8221; text_line_height=&#8221;30px&#8221; header_2_font_size=&#8221;30px&#8221; header_2_text_color=&#8221;#282828&#8243; custom_margin=&#8221;7%|||&#8221;]<\/p>\n<h2 style=\"text-align: right;\">Design Responsivo<\/h2>\n<p style=\"text-align: right;\">Seu site perfeitamente adaptado\u00a0para celulares e tablets.<\/p>\n<p>[\/et_pb_text][\/et_pb_column][et_pb_column type=&#8221;1_4&#8243;][et_pb_image src=&#8221;http:\/\/suba.com.br\/site2017\/wp-content\/uploads\/2017\/10\/icones_site_dr.png&#8221; align=&#8221;center&#8221; _builder_version=&#8221;3.0.83&#8243; show_in_lightbox=&#8221;off&#8221; url_new_window=&#8221;off&#8221; use_overlay=&#8221;off&#8221; always_center_on_mobile=&#8221;on&#8221; force_fullwidth=&#8221;off&#8221; show_bottom_space=&#8221;on&#8221; \/][\/et_pb_column][\/et_pb_row][et_pb_row _builder_version=&#8221;3.0.47&#8243; background_size=&#8221;initial&#8221; background_position=&#8221;top_left&#8221; background_repeat=&#8221;repeat&#8221; _i=&#8221;3&#8243; _address=&#8221;1.3&#8243; custom_padding=&#8221;53px|0px|27px|0px&#8221;][et_pb_column type=&#8221;1_4&#8243;][et_pb_image src=&#8221;http:\/\/suba.com.br\/site2017\/wp-content\/uploads\/2017\/10\/icones_site_cb.png&#8221; align=&#8221;center&#8221; _builder_version=&#8221;3.0.83&#8243; show_in_lightbox=&#8221;off&#8221; url_new_window=&#8221;off&#8221; use_overlay=&#8221;off&#8221; always_center_on_mobile=&#8221;on&#8221; force_fullwidth=&#8221;off&#8221; show_bottom_space=&#8221;on&#8221; \/][\/et_pb_column][et_pb_column type=&#8221;3_4&#8243;][et_pb_text _builder_version=&#8221;3.0.83&#8243; text_font_size=&#8221;25px&#8221; text_text_color=&#8221;#2b2b2b&#8221; text_line_height=&#8221;30px&#8221; header_2_font_size=&#8221;30px&#8221; header_2_text_color=&#8221;#282828&#8243; custom_margin=&#8221;7%|||&#8221;]<\/p>\n<h2>Cross Browser<\/h2>\n<p>Compat\u00edvel com os principais\u00a0browsers do mercado.<\/p>\n<p>[\/et_pb_text][\/et_pb_column][\/et_pb_row][et_pb_row _builder_version=&#8221;3.0.47&#8243; background_size=&#8221;initial&#8221; background_position=&#8221;top_left&#8221; background_repeat=&#8221;repeat&#8221; _i=&#8221;4&#8243; _address=&#8221;1.4&#8243; custom_padding=&#8221;54px|0px|27px|0px&#8221;][et_pb_column type=&#8221;3_4&#8243;][et_pb_text _builder_version=&#8221;3.0.83&#8243; text_font_size=&#8221;25px&#8221; text_text_color=&#8221;#2b2b2b&#8221; text_line_height=&#8221;30px&#8221; header_2_font_size=&#8221;30px&#8221; header_2_text_color=&#8221;#282828&#8243; text_orientation=&#8221;right&#8221; module_alignment=&#8221;right&#8221; custom_margin=&#8221;7%|||&#8221;]<\/p>\n<h2 style=\"text-align: right;\">Amig\u00e1vel aos Mecanismos de Busca<\/h2>\n<p style=\"text-align: right;\">Aumente as suas chances de aparecer nos mecanismos de busca.<\/p>\n<p>[\/et_pb_text][\/et_pb_column][et_pb_column type=&#8221;1_4&#8243;][et_pb_image src=&#8221;http:\/\/suba.com.br\/site2017\/wp-content\/uploads\/2017\/10\/icones_site_amb.png&#8221; align=&#8221;center&#8221; _builder_version=&#8221;3.0.83&#8243; show_in_lightbox=&#8221;off&#8221; url_new_window=&#8221;off&#8221; use_overlay=&#8221;off&#8221; always_center_on_mobile=&#8221;on&#8221; force_fullwidth=&#8221;off&#8221; show_bottom_space=&#8221;on&#8221; \/][\/et_pb_column][\/et_pb_row][et_pb_row _builder_version=&#8221;3.0.47&#8243; background_size=&#8221;initial&#8221; background_position=&#8221;top_left&#8221; background_repeat=&#8221;repeat&#8221; _i=&#8221;3&#8243; _address=&#8221;1.3&#8243; custom_padding=&#8221;53px|0px|27px|0px&#8221;][et_pb_column type=&#8221;1_4&#8243;][et_pb_image src=&#8221;http:\/\/suba.com.br\/site2017\/wp-content\/uploads\/2017\/10\/icones_site_fc.png&#8221; align=&#8221;center&#8221; _builder_version=&#8221;3.0.83&#8243; show_in_lightbox=&#8221;off&#8221; url_new_window=&#8221;off&#8221; use_overlay=&#8221;off&#8221; always_center_on_mobile=&#8221;on&#8221; force_fullwidth=&#8221;off&#8221; show_bottom_space=&#8221;on&#8221; \/][\/et_pb_column][et_pb_column type=&#8221;3_4&#8243;][et_pb_text _builder_version=&#8221;3.0.83&#8243; text_font_size=&#8221;25px&#8221; text_text_color=&#8221;#2b2b2b&#8221; text_line_height=&#8221;30px&#8221; header_2_font_size=&#8221;30px&#8221; header_2_text_color=&#8221;#282828&#8243; custom_margin=&#8221;7%|||&#8221;]<\/p>\n<h2>F\u00e1cil de Compartilhar<\/h2>\n<p>Integrado com as maiores redes\u00a0sociais do mundo.<\/p>\n<p>[\/et_pb_text][\/et_pb_column][\/et_pb_row][et_pb_row _builder_version=&#8221;3.0.47&#8243; background_size=&#8221;initial&#8221; background_position=&#8221;top_left&#8221; background_repeat=&#8221;repeat&#8221; _i=&#8221;4&#8243; _address=&#8221;1.4&#8243; custom_padding=&#8221;54px|0px|27px|0px&#8221;][et_pb_column type=&#8221;3_4&#8243;][et_pb_text _builder_version=&#8221;3.0.83&#8243; text_font_size=&#8221;25px&#8221; text_text_color=&#8221;#2b2b2b&#8221; text_line_height=&#8221;30px&#8221; header_2_font_size=&#8221;30px&#8221; header_2_text_color=&#8221;#282828&#8243; text_orientation=&#8221;right&#8221; module_alignment=&#8221;right&#8221; custom_margin=&#8221;7%|||&#8221;]<\/p>\n<h2 style=\"text-align: right;\">T\u00e9cnicas de Programa\u00e7\u00e3o<\/h2>\n<p style=\"text-align: right;\">Seguindo as mais novas\u00a0tecnologias e tend\u00eancias\u00a0de desenvolvimento.<\/p>\n<p>[\/et_pb_text][\/et_pb_column][et_pb_column type=&#8221;1_4&#8243;][et_pb_image src=&#8221;http:\/\/suba.com.br\/site2017\/wp-content\/uploads\/2017\/10\/icones_site_tp.png&#8221; align=&#8221;center&#8221; _builder_version=&#8221;3.0.83&#8243; show_in_lightbox=&#8221;off&#8221; url_new_window=&#8221;off&#8221; use_overlay=&#8221;off&#8221; always_center_on_mobile=&#8221;on&#8221; force_fullwidth=&#8221;off&#8221; show_bottom_space=&#8221;on&#8221; \/][\/et_pb_column][\/et_pb_row][\/et_pb_section][et_pb_section bb_built=&#8221;1&#8243; _builder_version=&#8221;3.0.83&#8243; background_image=&#8221;http:\/\/suba.com.br\/site2017\/wp-content\/uploads\/2017\/10\/fundo-footer.jpg&#8221;][et_pb_row _builder_version=&#8221;3.0.47&#8243; background_size=&#8221;initial&#8221; background_position=&#8221;top_left&#8221; background_repeat=&#8221;repeat&#8221; _i=&#8221;0&#8243; _address=&#8221;2.0&#8243;][et_pb_column type=&#8221;1_2&#8243;][et_pb_text _builder_version=&#8221;3.0.83&#8243; text_font=&#8221;|600|||||||&#8221; text_font_size=&#8221;20px&#8221; text_text_color=&#8221;#ffffff&#8221; header_2_font=&#8221;|700|||||||&#8221; header_2_font_size=&#8221;62px&#8221; header_2_text_color=&#8221;#ffffff&#8221; custom_margin=&#8221;20%|||&#8221; custom_css_main_element=&#8221;text-shadow: 2px 2px 7px rgba(0, 0, 0, 0.9);&#8221;]<\/p>\n<h2>CONTATO<\/h2>\n<p>Tel.: 21 985 998 626<br \/>\ncontato@suba.com.br<\/p>\n<p>[\/et_pb_text][\/et_pb_column][et_pb_column type=&#8221;1_2&#8243;][et_pb_contact_form captcha=&#8221;off&#8221; email=&#8221;CONTATO@SUBA.COM.BR&#8221; submit_button_text=&#8221;ENVIAR&#8221; form_background_color=&#8221;#ffffff&#8221; input_border_radius=&#8221;5&#8243; _builder_version=&#8221;3.0.83&#8243; form_field_font=&#8221;|||on|||||&#8221; use_border_color=&#8221;on&#8221; border_color=&#8221;#6d6d6d&#8221; custom_button=&#8221;on&#8221; button_text_size=&#8221;15&#8243; button_text_color=&#8221;#6b6b6b&#8221; button_bg_color=&#8221;#ffffff&#8221; button_border_width=&#8221;1&#8243; button_border_color=&#8221;#7a7a7a&#8221; module_id=&#8221;et_pb_contact_form_0&#8243;] [et_pb_contact_field field_id=&#8221;Name&#8221; field_title=&#8221;Nome&#8221; fullwidth_field=&#8221;on&#8221; _builder_version=&#8221;3.0.83&#8243; form_field_font=&#8221;||||||||&#8221; use_border_color=&#8221;off&#8221;][\/et_pb_contact_field][et_pb_contact_field field_id=&#8221;Email&#8221; field_title=&#8221;E-mail&#8221; field_type=&#8221;email&#8221; fullwidth_field=&#8221;on&#8221; _builder_version=&#8221;3.0.83&#8243; form_field_font=&#8221;||||||||&#8221; use_border_color=&#8221;off&#8221;][\/et_pb_contact_field][et_pb_contact_field field_id=&#8221;phone&#8221; field_title=&#8221;TELEFONE&#8221; fullwidth_field=&#8221;on&#8221; _builder_version=&#8221;3.0.83&#8243; form_field_font=&#8221;||||||||&#8221; use_border_color=&#8221;off&#8221;][\/et_pb_contact_field][et_pb_contact_field field_id=&#8221;Message&#8221; field_title=&#8221;Mensagem&#8221; field_type=&#8221;text&#8221; fullwidth_field=&#8221;on&#8221; _builder_version=&#8221;3.0.83&#8243;][\/et_pb_contact_field] [\/et_pb_contact_form][\/et_pb_column][\/et_pb_row][\/et_pb_section]<\/p>\n","protected":false},"excerpt":{"rendered":"<p>[et_pb_section bb_built=&#8221;1&#8243; _builder_version=&#8221;3.0.83&#8243; background_image=&#8221;http:\/\/suba.com.br\/site2017\/wp-content\/uploads\/2017\/10\/fundo-desenvolvimento.jpg&#8221;][et_pb_row _builder_version=&#8221;3.0.47&#8243; background_size=&#8221;initial&#8221; background_position=&#8221;top_left&#8221; background_repeat=&#8221;repeat&#8221; _i=&#8221;0&#8243; _address=&#8221;0.0&#8243;][et_pb_column type=&#8221;4_4&#8243;][et_pb_text _builder_version=&#8221;3.0.83&#8243; text_font=&#8221;|||on|||||&#8221; text_font_size=&#8221;25px&#8221; text_text_color=&#8221;#ffffff&#8221; header_font=&#8221;|||on|||||&#8221; header_text_align=&#8221;left&#8221; header_font_size=&#8221;40px&#8221; header_text_color=&#8221;#ffffff&#8221; custom_margin=&#8221;10%||10%|&#8221; custom_css_main_element=&#8221;text-shadow: 2px 2px 7px rgba(0, 0, 0, 0.9);&#8221;] Cria\u00e7\u00e3o de Sites Sua empresa on-line! [\/et_pb_text][\/et_pb_column][\/et_pb_row][\/et_pb_section][et_pb_section bb_built=&#8221;1&#8243; _builder_version=&#8221;3.0.47&#8243;][et_pb_row _builder_version=&#8221;3.0.47&#8243; background_size=&#8221;initial&#8221; background_position=&#8221;top_left&#8221; background_repeat=&#8221;repeat&#8221; _i=&#8221;0&#8243; _address=&#8221;1.0&#8243;][et_pb_column type=&#8221;4_4&#8243;][et_pb_text _builder_version=&#8221;3.0.83&#8243; text_font_size=&#8221;60px&#8221; text_text_color=&#8221;#1e1e1e&#8221;] Sites Modernos, Din\u00e2micos e Criativos. [\/et_pb_text][\/et_pb_column][\/et_pb_row][et_pb_row _builder_version=&#8221;3.0.47&#8243; background_size=&#8221;initial&#8221; [&hellip;]<\/p>\n","protected":false},"author":1,"featured_media":0,"parent":0,"menu_order":3,"comment_status":"closed","ping_status":"closed","template":"","meta":{"footnotes":""},"class_list":["post-46","page","type-page","status-publish","hentry"],"_links":{"self":[{"href":"http:\/\/suba.com.br\/site2017\/wp-json\/wp\/v2\/pages\/46","targetHints":{"allow":["GET"]}}],"collection":[{"href":"http:\/\/suba.com.br\/site2017\/wp-json\/wp\/v2\/pages"}],"about":[{"href":"http:\/\/suba.com.br\/site2017\/wp-json\/wp\/v2\/types\/page"}],"author":[{"embeddable":true,"href":"http:\/\/suba.com.br\/site2017\/wp-json\/wp\/v2\/users\/1"}],"replies":[{"embeddable":true,"href":"http:\/\/suba.com.br\/site2017\/wp-json\/wp\/v2\/comments?post=46"}],"version-history":[{"count":4,"href":"http:\/\/suba.com.br\/site2017\/wp-json\/wp\/v2\/pages\/46\/revisions"}],"predecessor-version":[{"id":183,"href":"http:\/\/suba.com.br\/site2017\/wp-json\/wp\/v2\/pages\/46\/revisions\/183"}],"wp:attachment":[{"href":"http:\/\/suba.com.br\/site2017\/wp-json\/wp\/v2\/media?parent=46"}],"curies":[{"name":"wp","href":"https:\/\/api.w.org\/{rel}","templated":true}]}}